{"id":5034,"date":"2021-08-24T13:03:03","date_gmt":"2021-08-24T11:03:03","guid":{"rendered":"https:\/\/berria.santotomaslizeoa.net\/escuela-de-bertsos\/"},"modified":"2025-04-30T14:51:31","modified_gmt":"2025-04-30T12:51:31","slug":"escuela-de-bertsos","status":"publish","type":"page","link":"https:\/\/www.stl.eus\/es\/hedatuz\/escuela-de-bertsos\/","title":{"rendered":"Escuela de bertso"},"content":{"rendered":"<p>[et_pb_section fb_built=\u00bb1&#8243; fullwidth=\u00bbon\u00bb _builder_version=\u00bb4.16&#8243; _module_preset=\u00bbdefault\u00bb global_colors_info=\u00bb{}\u00bb][et_pb_fullwidth_header _builder_version=\u00bb4.16&#8243; _module_preset=\u00bbdefault\u00bb title_font=\u00bbITC Avant Garde Gothic Std &#8211; Demi||||||||\u00bb title_text_align=\u00bbcenter\u00bb title_text_color=\u00bb#ff611d\u00bb title_font_size=\u00bb5.36vw\u00bb background_enable_color=\u00bboff\u00bb background_image=\u00bbhttps:\/\/www.stl.eus\/wp-content\/uploads\/hedatuz-bertso-eskola-eskolaz-kanpoko-ekintza-donostia-lizeoa-ikastola.jpg\u00bb custom_margin=\u00bb0px|0px|0px|0px|true|true\u00bb custom_padding=\u00bb0px|0px|0px|0px|true|true\u00bb title_font_size_tablet=\u00bb\u00bb title_font_size_phone=\u00bb0px\u00bb title_font_size_last_edited=\u00bbon|desktop\u00bb custom_css_main_element=\u00bb||\u00bb custom_css_header_container=\u00bbheight: 50vh;||min-height: 33vw;\u00bb custom_css_title=\u00bb||||\u00bb saved_tabs=\u00bball\u00bb global_colors_info=\u00bb{}\u00bb]<\/p>\n<h1>Escuela de bertso<\/h1>\n<p>[\/et_pb_fullwidth_header][\/et_pb_section][et_pb_section fb_built=\u00bb1&#8243; disabled_on=\u00bboff|off|off\u00bb _builder_version=\u00bb4.16&#8243; _module_preset=\u00bbdefault\u00bb custom_margin=\u00bb0px||0px||true|false\u00bb custom_padding=\u00bb0px||0px||true|false\u00bb border_width_bottom=\u00bb1px\u00bb border_color_bottom=\u00bb#ff611d\u00bb border_width_bottom_tablet=\u00bb\u00bb border_width_bottom_phone=\u00bb0px\u00bb border_width_bottom_last_edited=\u00bbon|phone\u00bb locked=\u00bboff\u00bb global_colors_info=\u00bb{}\u00bb][et_pb_row _builder_version=\u00bb4.16&#8243; _module_preset=\u00bbdefault\u00bb custom_margin=\u00bb0px||0px||true|false\u00bb custom_padding=\u00bb0vw||0vw||true|false\u00bb global_colors_info=\u00bb{}\u00bb][et_pb_column type=\u00bb4_4&#8243; _builder_version=\u00bb4.16&#8243; _module_preset=\u00bbdefault\u00bb global_colors_info=\u00bb{}\u00bb][lwp_divi_breadcrumbs home_text=\u00bb\ue009\u00bb font_icon=\u00bb&#x35;||divi||400&#8243; link_color=\u00bb#ff611d\u00bb separator_color=\u00bb#8e8e8e\u00bb disabled_on=\u00bboff|off|off\u00bb module_class=\u00bbmigadepan\u00bb _builder_version=\u00bb4.16&#8243; _module_preset=\u00bbdefault\u00bb module_font=\u00bbITC Avant Garde Gothic Std &#8211; Demi||||||||\u00bb module_text_align_tablet=\u00bbcenter\u00bb module_text_align_phone=\u00bb\u00bb module_text_align_last_edited=\u00bbon|tablet\u00bb module_font_size_tablet=\u00bb18px\u00bb module_font_size_phone=\u00bb\u00bb module_font_size_last_edited=\u00bbon|phone\u00bb saved_tabs=\u00bball\u00bb global_colors_info=\u00bb{}\u00bb][\/lwp_divi_breadcrumbs][\/et_pb_column][\/et_pb_row][\/et_pb_section][et_pb_section fb_built=\u00bb1&#8243; custom_padding_last_edited=\u00bbon|phone\u00bb disabled_on=\u00bboff|on|on\u00bb admin_label=\u00bbHeader (texto m\u00f3vil)\u00bb _builder_version=\u00bb4.16&#8243; _module_preset=\u00bbdefault\u00bb custom_padding_tablet=\u00bb\u00bb custom_padding_phone=\u00bb||10px||false|false\u00bb locked=\u00bboff\u00bb collapsed=\u00bbon\u00bb global_colors_info=\u00bb{}\u00bb][et_pb_row custom_padding_last_edited=\u00bbon|phone\u00bb _builder_version=\u00bb4.16&#8243; _module_preset=\u00bbdefault\u00bb custom_padding_tablet=\u00bb\u00bb custom_padding_phone=\u00bb0px||0px||false|false\u00bb global_colors_info=\u00bb{}\u00bb][et_pb_column type=\u00bb4_4&#8243; _builder_version=\u00bb4.16&#8243; _module_preset=\u00bbdefault\u00bb global_colors_info=\u00bb{}\u00bb][et_pb_text content_phone=\u00bb<\/p>\n<h1>Imagina un lugar&#8230;<\/h1>\n<p>\u00bb content_last_edited=\u00bboff|phone\u00bb admin_label=\u00bbText (m\u00f3vil)\u00bb _builder_version=\u00bb4.16&#8243; _module_preset=\u00bbdefault\u00bb header_font=\u00bb||||||||\u00bb header_text_align=\u00bbcenter\u00bb header_text_color=\u00bb#ff611d\u00bb header_font_size=\u00bb40px\u00bb header_font_tablet=\u00bb\u00bb header_font_phone=\u00bbITC Avant Garde Gothic Std &#8211; Demi||||||||\u00bb header_font_last_edited=\u00bbon|phone\u00bb header_text_color_tablet=\u00bb\u00bb header_text_color_phone=\u00bb#ff611d\u00bb header_text_color_last_edited=\u00bbon|phone\u00bb header_font_size_phone=\u00bb40px\u00bb header_font_size_last_edited=\u00bboff|phone\u00bb text_orientation_tablet=\u00bb\u00bb text_orientation_phone=\u00bbcenter\u00bb text_orientation_last_edited=\u00bbon|phone\u00bb saved_tabs=\u00bball\u00bb global_colors_info=\u00bb{}\u00bb]<\/p>\n<h1>Escuela de bertso<\/h1>\n<p>[\/et_pb_text][\/et_pb_column][\/et_pb_row][\/et_pb_section][et_pb_section fb_built=\u00bb1&#8243; _builder_version=\u00bb4.16&#8243; _module_preset=\u00bbdefault\u00bb custom_margin=\u00bb0px||||false|false\u00bb custom_padding=\u00bb0px||||false|false\u00bb global_colors_info=\u00bb{}\u00bb][et_pb_row column_structure=\u00bb1_3,1_3,1_3&#8243; use_custom_gutter=\u00bbon\u00bb gutter_width=\u00bb2&#8243; _builder_version=\u00bb4.16&#8243; _module_preset=\u00bbdefault\u00bb global_colors_info=\u00bb{}\u00bb][et_pb_column type=\u00bb1_3&#8243; _builder_version=\u00bb4.16&#8243; _module_preset=\u00bbdefault\u00bb global_colors_info=\u00bb{}\u00bb][et_pb_text _builder_version=\u00bb4.16&#8243; _module_preset=\u00bbdefault\u00bb text_font=\u00bbDIN Next LT Pro &#8211; Light||||||||\u00bb text_text_color=\u00bb#000000&#8243; custom_padding=\u00bb||4vw||false|false\u00bb text_font_size_tablet=\u00bb18px\u00bb text_font_size_phone=\u00bb16px\u00bb text_font_size_last_edited=\u00bbon|phone\u00bb global_colors_info=\u00bb{}\u00bb]Permitir\u00e1 a la\/el alumna\/o tanto realizar los primeros pasos en la bertsolaritza, como profundizar en lo aprendido anteriormente. Desarrollar\u00e1n los elementos necesarios para la elaboraci\u00f3n de un bertso (medida, melod\u00eda, rima), aprendiendo a lanzar bertsos delante de un micr\u00f3fono. Igualmente, partiendo de esta elaboraci\u00f3n del bertso, se desarrollar\u00e1n diferentes aspectos relativos a \u00e9l, tales como la asignaci\u00f3n del tema (gai jartzea), las sesiones de bertsos o la tarea de juzgar bertsos, entre otros.[\/et_pb_text][\/et_pb_column][et_pb_column type=\u00bb1_3&#8243; _builder_version=\u00bb4.16&#8243; _module_preset=\u00bbdefault\u00bb global_colors_info=\u00bb{}\u00bb][et_pb_text _builder_version=\u00bb4.16&#8243; _module_preset=\u00bbdefault\u00bb text_font=\u00bbDIN Next LT Pro &#8211; Light||||||||\u00bb text_text_color=\u00bb#000000&#8243; custom_padding=\u00bb||4vw||false|false\u00bb text_font_size_tablet=\u00bb18px\u00bb text_font_size_phone=\u00bb16px\u00bb text_font_size_last_edited=\u00bbon|phone\u00bb global_colors_info=\u00bb{}\u00bb]Gracias a esta actividad, la\/el alumna\/o llegar\u00e1 a desarrollar y perfeccionar la espontaneidad, la inmersi\u00f3n en la cultura vasca, el enriquecimiento l\u00e9xico, as\u00ed como la fluidez en la comunicaci\u00f3n oral. Adem\u00e1s, conseguir\u00e1 manejarse de manera efectiva en los trabajos en equipo, desarrollando tanto la creatividad como la imaginaci\u00f3n.[\/et_pb_text][\/et_pb_column][et_pb_column type=\u00bb1_3&#8243; _builder_version=\u00bb4.16&#8243; _module_preset=\u00bbdefault\u00bb global_colors_info=\u00bb{}\u00bb][et_pb_text _builder_version=\u00bb4.16&#8243; _module_preset=\u00bbdefault\u00bb header_2_text_color=\u00bb#FFFFFF\u00bb header_2_font_size=\u00bb1.82vw\u00bb background_color=\u00bb#ff611d\u00bb custom_margin=\u00bb||0px||false|false\u00bb custom_padding=\u00bb2vw||2vw|1.8vw|true|false\u00bb custom_padding_tablet=\u00bb4vw||4vw|3.8vw|true|false\u00bb custom_padding_phone=\u00bb|||4.8vw|true|false\u00bb custom_padding_last_edited=\u00bbon|desktop\u00bb header_2_font_size_tablet=\u00bb2.8vw\u00bb header_2_font_size_phone=\u00bb19px\u00bb header_2_font_size_last_edited=\u00bbon|phone\u00bb border_radii=\u00bboff|20px|20px||\u00bb global_colors_info=\u00bb{}\u00bb]<\/p>\n<h2>Informaci\u00f3n \u00fatil<\/h2>\n<p>[\/et_pb_text][et_pb_blurb title=\u00bb1\u00ba-4\u00ba ESO\u00bb image=\u00bbhttps:\/\/www.stl.eus\/wp-content\/uploads\/curso.svg\u00bb icon_placement=\u00bbleft\u00bb _builder_version=\u00bb4.16&#8243; _module_preset=\u00bbdefault\u00bb header_text_color=\u00bb#FFFFFF\u00bb header_font_size=\u00bb22px\u00bb background_color=\u00bb#ff611d\u00bb custom_margin=\u00bb||0px||false|false\u00bb custom_padding=\u00bb0.67vw||1.56vw|0.83vw|false|false\u00bb custom_padding_tablet=\u00bb1.67vw||4vw|1.83vw|false|false\u00bb custom_padding_phone=\u00bb3.67vw||8vw|3.83vw|false|false\u00bb custom_padding_last_edited=\u00bbon|phone\u00bb child_filter_saturate=\u00bb0%\u00bb child_filter_brightness=\u00bb200%\u00bb link_option_url_new_window=\u00bbon\u00bb header_font_size_tablet=\u00bb18px\u00bb header_font_size_phone=\u00bb16px\u00bb header_font_size_last_edited=\u00bbon|phone\u00bb custom_css_blurb_image=\u00bbwidth: 50px;||\u00bb border_width_top=\u00bb1px\u00bb border_color_top=\u00bb#FFFFFF\u00bb global_colors_info=\u00bb{}\u00bb][\/et_pb_blurb][et_pb_blurb image=\u00bbhttps:\/\/www.stl.eus\/wp-content\/uploads\/calendario.svg\u00bb icon_placement=\u00bbleft\u00bb _builder_version=\u00bb4.25.1&#8243; _module_preset=\u00bbdefault\u00bb body_font=\u00bbITC AG &#8211; MEDIUM||||||||\u00bb body_text_color=\u00bb#FFFFFF\u00bb background_color=\u00bb#ff611d\u00bb custom_margin=\u00bb||0px||false|false\u00bb custom_padding=\u00bb0.67vw||1.2vw|0.83vw|false|false\u00bb custom_padding_tablet=\u00bb1.67vw||2vw|1.83vw|false|false\u00bb custom_padding_phone=\u00bb3.67vw||8vw|3.83vw|false|false\u00bb custom_padding_last_edited=\u00bboff|desktop\u00bb child_filter_saturate=\u00bb0%\u00bb child_filter_brightness=\u00bb200%\u00bb link_option_url_new_window=\u00bbon\u00bb body_font_size_tablet=\u00bb18px\u00bb body_font_size_phone=\u00bb16px\u00bb body_font_size_last_edited=\u00bbon|phone\u00bb custom_css_blurb_image=\u00bbwidth: 50px;||\u00bb border_radii=\u00bboff||||\u00bb border_width_top=\u00bb1px\u00bb border_color_top=\u00bb#FFFFFF\u00bb locked=\u00bboff\u00bb global_colors_info=\u00bb{}\u00bb]<\/p>\n<p>1 sesi\u00f3n semanal<br \/>Mi\u00e9rcoles 15:30-16:30<br \/>Trimestre: 60 \u20ac<\/p>\n<p>[\/et_pb_blurb][et_pb_blurb use_icon=\u00bbon\u00bb font_icon=\u00bb&#x77;||divi||400&#8243; icon_color=\u00bb#FFFFFF\u00bb icon_placement=\u00bbleft\u00bb image_icon_width=\u00bb44px\u00bb _builder_version=\u00bb4.27.0&#8243; _module_preset=\u00bbdefault\u00bb body_font=\u00bbITC AG &#8211; MEDIUM||||||||\u00bb body_text_color=\u00bb#FFFFFF\u00bb body_link_text_color=\u00bb#FFFFFF\u00bb background_color=\u00bb#ff611d\u00bb custom_margin=\u00bb||20px||false|false\u00bb custom_padding=\u00bb0.67vw||1.3vw|0.83vw|false|false\u00bb custom_padding_tablet=\u00bb1.67vw||6vw|1.83vw|false|false\u00bb custom_padding_phone=\u00bb3.67vw||8vw|3.83vw|false|false\u00bb custom_padding_last_edited=\u00bboff|desktop\u00bb link_option_url_new_window=\u00bbon\u00bb body_font_size_tablet=\u00bb18px\u00bb body_font_size_phone=\u00bb16px\u00bb body_font_size_last_edited=\u00bbon|phone\u00bb custom_css_blurb_image=\u00bbwidth: 50px;||\u00bb border_radii=\u00bboff|||20px|20px\u00bb border_width_top=\u00bb1px\u00bb border_color_top=\u00bb#FFFFFF\u00bb icon_font_size=\u00bb44px\u00bb locked=\u00bboff\u00bb global_colors_info=\u00bb{}\u00bb]<\/p>\n<p>Miren Randez<br \/><a href=\"mailto:hedatuzbh@stl.eus\" target=\"_blank\" rel=\"noopener\">hedatuzbh@stl.eus<\/a><\/p>\n<p>[\/et_pb_blurb][et_pb_button button_url=\u00bbhttps:\/\/forms.office.com\/e\/WKihFzzAKX\u00bb url_new_window=\u00bbon\u00bb button_text=\u00bbInscripci\u00f3n\u00bb disabled_on=\u00bboff|off|off\u00bb module_class=\u00bbboton-blanco\u00bb _builder_version=\u00bb4.27.4&#8243; _module_preset=\u00bbdefault\u00bb hover_enabled=\u00bb0&#8243; locked=\u00bboff\u00bb global_colors_info=\u00bb{}\u00bb sticky_enabled=\u00bb0&#8243;][\/et_pb_button][\/et_pb_column][\/et_pb_row][\/et_pb_section]<\/p>\n","protected":false},"excerpt":{"rendered":"<p>Escuela de bertso<div class=\"et_pb_module lwp_divi_breadcrumbs lwp_divi_breadcrumbs_0 migadepan\">\n\t\t\t\t\n\t\t\t\t\n\t\t\t\t\n\t\t\t\t\n\t\t\t\t\n\t\t\t\t\n\t\t\t\t<div class=\"et_pb_module_inner\">\n\t\t\t\t\t<div class=\"lwp-breadcrumbs\"> <span class=\"before\"><\/span> <span vocab=\"https:\/\/schema.org\/\" typeof=\"BreadcrumbList\"><span property=\"itemListElement\" typeof=\"ListItem\"><a property=\"item\" typeof=\"WebPage\" href=\"https:\/\/www.stl.eus\/es\/\" class=\"home\"><span property=\"name\">\ue009<\/span><\/a><meta property=\"position\" content=\"1\"><\/span> <span class=\"separator et-pb-icon\">5<\/span> <\/span><\/div>\n\t\t\t\t<\/div>\n\t\t\t<\/div>Escuela de bertsoPermitir\u00e1 a la\/el alumna\/o tanto realizar los primeros pasos en la bertsolaritza, como profundizar en lo aprendido anteriormente. Desarrollar\u00e1n los elementos necesarios para la elaboraci\u00f3n de un bertso [&hellip;]<\/p>\n","protected":false},"author":1,"featured_media":0,"parent":4464,"menu_order":0,"comment_status":"closed","ping_status":"closed","template":"","meta":{"_et_pb_use_builder":"on","_et_pb_old_content":"","_et_gb_content_width":"","footnotes":""},"class_list":["post-5034","page","type-page","status-publish","hentry"],"yoast_head":"<!-- This site is optimized with the Yoast SEO plugin v27.4 - https:\/\/yoast.com\/product\/yoast-seo-wordpress\/ -->\n<title>Escuela de bertso - Santo Tomas Lizeoa<\/title>\n<meta name=\"robots\" content=\"index, follow, max-snippet:-1, max-image-preview:large, max-video-preview:-1\" \/>\n<link rel=\"canonical\" href=\"https:\/\/www.stl.eus\/es\/hedatuz\/escuela-de-bertsos\/\" \/>\n<meta property=\"og:locale\" content=\"es_ES\" \/>\n<meta property=\"og:type\" content=\"article\" \/>\n<meta property=\"og:title\" content=\"Escuela de bertso - Santo Tomas Lizeoa\" \/>\n<meta property=\"og:description\" content=\"Escuela de bertsoEscuela de bertsoPermitir\u00e1 a la\/el alumna\/o tanto realizar los primeros pasos en la bertsolaritza, como profundizar en lo aprendido anteriormente. Desarrollar\u00e1n los elementos necesarios para la elaboraci\u00f3n de un bertso [&hellip;]\" \/>\n<meta property=\"og:url\" content=\"https:\/\/www.stl.eus\/es\/hedatuz\/escuela-de-bertsos\/\" \/>\n<meta property=\"og:site_name\" content=\"Santo Tomas Lizeoa\" \/>\n<meta property=\"article:modified_time\" content=\"2025-04-30T12:51:31+00:00\" \/>\n<meta name=\"twitter:card\" content=\"summary_large_image\" \/>\n<meta name=\"twitter:site\" content=\"@stl_ikastola\" \/>\n<meta name=\"twitter:label1\" content=\"Tiempo de lectura\" \/>\n\t<meta name=\"twitter:data1\" content=\"2 minutos\" \/>\n<script type=\"application\/ld+json\" class=\"yoast-schema-graph\">{\"@context\":\"https:\\\/\\\/schema.org\",\"@graph\":[{\"@type\":\"WebPage\",\"@id\":\"https:\\\/\\\/www.stl.eus\\\/es\\\/hedatuz\\\/escuela-de-bertsos\\\/\",\"url\":\"https:\\\/\\\/www.stl.eus\\\/es\\\/hedatuz\\\/escuela-de-bertsos\\\/\",\"name\":\"Escuela de bertso - Santo Tomas Lizeoa\",\"isPartOf\":{\"@id\":\"https:\\\/\\\/www.stl.eus\\\/es\\\/#website\"},\"datePublished\":\"2021-08-24T11:03:03+00:00\",\"dateModified\":\"2025-04-30T12:51:31+00:00\",\"breadcrumb\":{\"@id\":\"https:\\\/\\\/www.stl.eus\\\/es\\\/hedatuz\\\/escuela-de-bertsos\\\/#breadcrumb\"},\"inLanguage\":\"es\",\"potentialAction\":[{\"@type\":\"ReadAction\",\"target\":[\"https:\\\/\\\/www.stl.eus\\\/es\\\/hedatuz\\\/escuela-de-bertsos\\\/\"]}]},{\"@type\":\"BreadcrumbList\",\"@id\":\"https:\\\/\\\/www.stl.eus\\\/es\\\/hedatuz\\\/escuela-de-bertsos\\\/#breadcrumb\",\"itemListElement\":[{\"@type\":\"ListItem\",\"position\":1,\"name\":\"Home\",\"item\":\"https:\\\/\\\/www.stl.eus\\\/es\\\/\"},{\"@type\":\"ListItem\",\"position\":2,\"name\":\"Hedatuz\",\"item\":\"https:\\\/\\\/www.stl.eus\\\/es\\\/hedatuz\\\/\"},{\"@type\":\"ListItem\",\"position\":3,\"name\":\"Escuela de bertso\"}]},{\"@type\":\"WebSite\",\"@id\":\"https:\\\/\\\/www.stl.eus\\\/es\\\/#website\",\"url\":\"https:\\\/\\\/www.stl.eus\\\/es\\\/\",\"name\":\"Santo Tomas Lizeoa\",\"description\":\"\",\"publisher\":{\"@id\":\"https:\\\/\\\/www.stl.eus\\\/es\\\/#organization\"},\"potentialAction\":[{\"@type\":\"SearchAction\",\"target\":{\"@type\":\"EntryPoint\",\"urlTemplate\":\"https:\\\/\\\/www.stl.eus\\\/es\\\/?s={search_term_string}\"},\"query-input\":{\"@type\":\"PropertyValueSpecification\",\"valueRequired\":true,\"valueName\":\"search_term_string\"}}],\"inLanguage\":\"es\"},{\"@type\":\"Organization\",\"@id\":\"https:\\\/\\\/www.stl.eus\\\/es\\\/#organization\",\"name\":\"Santo Tomas Lizeoa\",\"url\":\"https:\\\/\\\/www.stl.eus\\\/es\\\/\",\"logo\":{\"@type\":\"ImageObject\",\"inLanguage\":\"es\",\"@id\":\"https:\\\/\\\/www.stl.eus\\\/es\\\/#\\\/schema\\\/logo\\\/image\\\/\",\"url\":\"https:\\\/\\\/www.stl.eus\\\/wp-content\\\/uploads\\\/2021\\\/06\\\/SantoTomasLizeoa-logo-naranja.svg\",\"contentUrl\":\"https:\\\/\\\/www.stl.eus\\\/wp-content\\\/uploads\\\/2021\\\/06\\\/SantoTomasLizeoa-logo-naranja.svg\",\"width\":1,\"height\":1,\"caption\":\"Santo Tomas Lizeoa\"},\"image\":{\"@id\":\"https:\\\/\\\/www.stl.eus\\\/es\\\/#\\\/schema\\\/logo\\\/image\\\/\"},\"sameAs\":[\"https:\\\/\\\/x.com\\\/stl_ikastola\",\"https:\\\/\\\/www.instagram.com\\\/p\\\/CTzVTj3r8NQ\\\/\",\"https:\\\/\\\/www.youtube.com\\\/c\\\/SantoTomasLizeoaIkastola\"]}]}<\/script>\n<!-- \/ Yoast SEO plugin. -->","yoast_head_json":{"title":"Escuela de bertso - Santo Tomas Lizeoa","robots":{"index":"index","follow":"follow","max-snippet":"max-snippet:-1","max-image-preview":"max-image-preview:large","max-video-preview":"max-video-preview:-1"},"canonical":"https:\/\/www.stl.eus\/es\/hedatuz\/escuela-de-bertsos\/","og_locale":"es_ES","og_type":"article","og_title":"Escuela de bertso - Santo Tomas Lizeoa","og_description":"Escuela de bertsoEscuela de bertsoPermitir\u00e1 a la\/el alumna\/o tanto realizar los primeros pasos en la bertsolaritza, como profundizar en lo aprendido anteriormente. Desarrollar\u00e1n los elementos necesarios para la elaboraci\u00f3n de un bertso [&hellip;]","og_url":"https:\/\/www.stl.eus\/es\/hedatuz\/escuela-de-bertsos\/","og_site_name":"Santo Tomas Lizeoa","article_modified_time":"2025-04-30T12:51:31+00:00","twitter_card":"summary_large_image","twitter_site":"@stl_ikastola","twitter_misc":{"Tiempo de lectura":"2 minutos"},"schema":{"@context":"https:\/\/schema.org","@graph":[{"@type":"WebPage","@id":"https:\/\/www.stl.eus\/es\/hedatuz\/escuela-de-bertsos\/","url":"https:\/\/www.stl.eus\/es\/hedatuz\/escuela-de-bertsos\/","name":"Escuela de bertso - Santo Tomas Lizeoa","isPartOf":{"@id":"https:\/\/www.stl.eus\/es\/#website"},"datePublished":"2021-08-24T11:03:03+00:00","dateModified":"2025-04-30T12:51:31+00:00","breadcrumb":{"@id":"https:\/\/www.stl.eus\/es\/hedatuz\/escuela-de-bertsos\/#breadcrumb"},"inLanguage":"es","potentialAction":[{"@type":"ReadAction","target":["https:\/\/www.stl.eus\/es\/hedatuz\/escuela-de-bertsos\/"]}]},{"@type":"BreadcrumbList","@id":"https:\/\/www.stl.eus\/es\/hedatuz\/escuela-de-bertsos\/#breadcrumb","itemListElement":[{"@type":"ListItem","position":1,"name":"Home","item":"https:\/\/www.stl.eus\/es\/"},{"@type":"ListItem","position":2,"name":"Hedatuz","item":"https:\/\/www.stl.eus\/es\/hedatuz\/"},{"@type":"ListItem","position":3,"name":"Escuela de bertso"}]},{"@type":"WebSite","@id":"https:\/\/www.stl.eus\/es\/#website","url":"https:\/\/www.stl.eus\/es\/","name":"Santo Tomas Lizeoa","description":"","publisher":{"@id":"https:\/\/www.stl.eus\/es\/#organization"},"potentialAction":[{"@type":"SearchAction","target":{"@type":"EntryPoint","urlTemplate":"https:\/\/www.stl.eus\/es\/?s={search_term_string}"},"query-input":{"@type":"PropertyValueSpecification","valueRequired":true,"valueName":"search_term_string"}}],"inLanguage":"es"},{"@type":"Organization","@id":"https:\/\/www.stl.eus\/es\/#organization","name":"Santo Tomas Lizeoa","url":"https:\/\/www.stl.eus\/es\/","logo":{"@type":"ImageObject","inLanguage":"es","@id":"https:\/\/www.stl.eus\/es\/#\/schema\/logo\/image\/","url":"https:\/\/www.stl.eus\/wp-content\/uploads\/2021\/06\/SantoTomasLizeoa-logo-naranja.svg","contentUrl":"https:\/\/www.stl.eus\/wp-content\/uploads\/2021\/06\/SantoTomasLizeoa-logo-naranja.svg","width":1,"height":1,"caption":"Santo Tomas Lizeoa"},"image":{"@id":"https:\/\/www.stl.eus\/es\/#\/schema\/logo\/image\/"},"sameAs":["https:\/\/x.com\/stl_ikastola","https:\/\/www.instagram.com\/p\/CTzVTj3r8NQ\/","https:\/\/www.youtube.com\/c\/SantoTomasLizeoaIkastola"]}]}},"_links":{"self":[{"href":"https:\/\/www.stl.eus\/es\/wp-json\/wp\/v2\/pages\/5034","targetHints":{"allow":["GET"]}}],"collection":[{"href":"https:\/\/www.stl.eus\/es\/wp-json\/wp\/v2\/pages"}],"about":[{"href":"https:\/\/www.stl.eus\/es\/wp-json\/wp\/v2\/types\/page"}],"author":[{"embeddable":true,"href":"https:\/\/www.stl.eus\/es\/wp-json\/wp\/v2\/users\/1"}],"replies":[{"embeddable":true,"href":"https:\/\/www.stl.eus\/es\/wp-json\/wp\/v2\/comments?post=5034"}],"version-history":[{"count":0,"href":"https:\/\/www.stl.eus\/es\/wp-json\/wp\/v2\/pages\/5034\/revisions"}],"up":[{"embeddable":true,"href":"https:\/\/www.stl.eus\/es\/wp-json\/wp\/v2\/pages\/4464"}],"wp:attachment":[{"href":"https:\/\/www.stl.eus\/es\/wp-json\/wp\/v2\/media?parent=5034"}],"curies":[{"name":"wp","href":"https:\/\/api.w.org\/{rel}","templated":true}]}}